{"id":109,"date":"2021-06-09T08:26:34","date_gmt":"2021-06-09T08:26:34","guid":{"rendered":"https:\/\/hipermech.com\/?page_id=109"},"modified":"2021-06-13T09:32:02","modified_gmt":"2021-06-13T09:32:02","slug":"hizmetlerimiz","status":"publish","type":"page","link":"https:\/\/hipermech.com\/?page_id=109","title":{"rendered":"Hizmetlerimiz"},"content":{"rendered":"\n<p>\u015eirketimiz yaz\u0131l\u0131m ve donan\u0131m ad\u0131na hayal edebilece\u011finiz her\u015feyi yapabilecek bir yap\u0131 ve kadroya sahip,Bizi di\u011ferlerinden ay\u0131ran en \u00f6nemli \u00f6zelli\u011fimiz ise \u00f6zg\u00fcn ve yarat\u0131c\u0131 projelerimiz.<br><\/p>\n\n\n\n<p><\/p>\n\n\n\n<div class=\"wp-block-media-text alignwide is-stacked-on-mobile\"><figure class=\"wp-block-media-text__media\"><img decoding=\"async\" loading=\"lazy\" width=\"1024\" height=\"512\" src=\"http:\/\/hipermech.com\/wp-content\/uploads\/2021\/06\/bloggif_60c2e039ca9df-1024x512.jpeg\" alt=\"\" class=\"wp-image-169 size-full\" srcset=\"https:\/\/hipermech.com\/wp-content\/uploads\/2021\/06\/bloggif_60c2e039ca9df-1024x512.jpeg 1024w, https:\/\/hipermech.com\/wp-content\/uploads\/2021\/06\/bloggif_60c2e039ca9df-300x150.jpeg 300w, https:\/\/hipermech.com\/wp-content\/uploads\/2021\/06\/bloggif_60c2e039ca9df-768x384.jpeg 768w, https:\/\/hipermech.com\/wp-content\/uploads\/2021\/06\/bloggif_60c2e039ca9df.jpeg 1200w\" sizes=\"(max-width: 1024px) 100vw, 1024px\" \/><\/figure><div class=\"wp-block-media-text__content\">\n<p class=\"has-white-color has-luminous-vivid-amber-background-color has-text-color has-background has-medium-font-size\">Size \u00f6zel makina tasar\u0131m\u0131 ve makinalar\u0131n\u0131z\u0131n revizyonu<\/p>\n<\/div><\/div>\n\n\n\n<div class=\"is-layout-flow wp-block-group\"><div class=\"wp-block-group__inner-container\">\n<p><\/p>\n<\/div><\/div>\n\n\n\n<div class=\"wp-block-media-text alignwide is-stacked-on-mobile\"><figure class=\"wp-block-media-text__media\"><img decoding=\"async\" loading=\"lazy\" width=\"1024\" height=\"512\" src=\"http:\/\/hipermech.com\/wp-content\/uploads\/2021\/06\/bloggif_60c2e02c7e464-1024x512.jpeg\" alt=\"\" class=\"wp-image-170 size-full\" srcset=\"https:\/\/hipermech.com\/wp-content\/uploads\/2021\/06\/bloggif_60c2e02c7e464-1024x512.jpeg 1024w, https:\/\/hipermech.com\/wp-content\/uploads\/2021\/06\/bloggif_60c2e02c7e464-300x150.jpeg 300w, https:\/\/hipermech.com\/wp-content\/uploads\/2021\/06\/bloggif_60c2e02c7e464-768x384.jpeg 768w, https:\/\/hipermech.com\/wp-content\/uploads\/2021\/06\/bloggif_60c2e02c7e464.jpeg 1200w\" sizes=\"(max-width: 1024px) 100vw, 1024px\" \/><\/figure><div class=\"wp-block-media-text__content\">\n<p class=\"has-white-color has-luminous-vivid-amber-background-color has-text-color has-background has-medium-font-size\">Robot ve Otomasyon Kontrol ve Revizyon<\/p>\n<\/div><\/div>\n\n\n\n<div class=\"wp-block-media-text alignwide is-stacked-on-mobile\"><figure class=\"wp-block-media-text__media\"><img decoding=\"async\" loading=\"lazy\" width=\"1024\" height=\"512\" src=\"http:\/\/hipermech.com\/wp-content\/uploads\/2021\/06\/bloggif_60c5289b0dd2f-1024x512.jpeg\" alt=\"\" class=\"wp-image-244 size-full\" srcset=\"https:\/\/hipermech.com\/wp-content\/uploads\/2021\/06\/bloggif_60c5289b0dd2f-1024x512.jpeg 1024w, https:\/\/hipermech.com\/wp-content\/uploads\/2021\/06\/bloggif_60c5289b0dd2f-300x150.jpeg 300w, https:\/\/hipermech.com\/wp-content\/uploads\/2021\/06\/bloggif_60c5289b0dd2f-768x384.jpeg 768w, https:\/\/hipermech.com\/wp-content\/uploads\/2021\/06\/bloggif_60c5289b0dd2f.jpeg 1200w\" sizes=\"(max-width: 1024px) 100vw, 1024px\" \/><\/figure><div class=\"wp-block-media-text__content\">\n<p class=\"has-white-color has-luminous-vivid-amber-background-color has-text-color has-background has-medium-font-size\">Plc,Hmi,Servo programlanmas\u0131 ve devreye al\u0131nmas\u0131<\/p>\n<\/div><\/div>\n\n\n\n<div class=\"wp-block-media-text alignwide is-stacked-on-mobile\"><figure class=\"wp-block-media-text__media\"><img decoding=\"async\" loading=\"lazy\" width=\"800\" height=\"533\" src=\"https:\/\/hipermech.com\/wp-content\/uploads\/2021\/06\/24042018110232.jpg\" alt=\"\" class=\"wp-image-188 size-full\" srcset=\"https:\/\/hipermech.com\/wp-content\/uploads\/2021\/06\/24042018110232.jpg 800w, https:\/\/hipermech.com\/wp-content\/uploads\/2021\/06\/24042018110232-300x200.jpg 300w, https:\/\/hipermech.com\/wp-content\/uploads\/2021\/06\/24042018110232-768x512.jpg 768w\" sizes=\"(max-width: 800px) 100vw, 800px\" \/><\/figure><div class=\"wp-block-media-text__content\">\n<p class=\"has-white-color has-luminous-vivid-amber-background-color has-text-color has-background has-medium-font-size\">End\u00fcstri 4.0 Scada ve veri izleme sistemleri<\/p>\n<\/div><\/div>\n\n\n\n<div class=\"wp-block-media-text alignwide is-stacked-on-mobile\"><figure class=\"wp-block-media-text__media\"><img decoding=\"async\" loading=\"lazy\" width=\"1024\" height=\"512\" src=\"https:\/\/hipermech.com\/wp-content\/uploads\/2021\/06\/bloggif_60c2e2ce6bc2d-1024x512.jpeg\" alt=\"\" class=\"wp-image-184 size-full\" srcset=\"https:\/\/hipermech.com\/wp-content\/uploads\/2021\/06\/bloggif_60c2e2ce6bc2d-1024x512.jpeg 1024w, https:\/\/hipermech.com\/wp-content\/uploads\/2021\/06\/bloggif_60c2e2ce6bc2d-300x150.jpeg 300w, https:\/\/hipermech.com\/wp-content\/uploads\/2021\/06\/bloggif_60c2e2ce6bc2d-768x384.jpeg 768w, https:\/\/hipermech.com\/wp-content\/uploads\/2021\/06\/bloggif_60c2e2ce6bc2d.jpeg 1200w\" sizes=\"(max-width: 1024px) 100vw, 1024px\" \/><\/figure><div class=\"wp-block-media-text__content\">\n<p class=\"has-white-color has-luminous-vivid-amber-background-color has-text-color has-background has-medium-font-size\">Bir\u00e7ok markan\u0131n \u00fcr\u00fcnlerinin sat\u0131\u015f\u0131 ve deste\u011finin sa\u011flanmas\u0131<\/p>\n<\/div><\/div>\n\n\n\n<div class=\"wp-block-media-text alignwide is-stacked-on-mobile\"><figure class=\"wp-block-media-text__media\"><img decoding=\"async\" loading=\"lazy\" width=\"1024\" height=\"512\" src=\"https:\/\/hipermech.com\/wp-content\/uploads\/2021\/06\/bloggif_60c2e32053cff-1024x512.jpeg\" alt=\"\" class=\"wp-image-183 size-full\" srcset=\"https:\/\/hipermech.com\/wp-content\/uploads\/2021\/06\/bloggif_60c2e32053cff-1024x512.jpeg 1024w, https:\/\/hipermech.com\/wp-content\/uploads\/2021\/06\/bloggif_60c2e32053cff-300x150.jpeg 300w, https:\/\/hipermech.com\/wp-content\/uploads\/2021\/06\/bloggif_60c2e32053cff-768x384.jpeg 768w, https:\/\/hipermech.com\/wp-content\/uploads\/2021\/06\/bloggif_60c2e32053cff.jpeg 1200w\" sizes=\"(max-width: 1024px) 100vw, 1024px\" \/><\/figure><div class=\"wp-block-media-text__content\">\n<p class=\"has-white-color has-luminous-vivid-amber-background-color has-text-color has-background has-medium-font-size\">Sahada ke\u015fif ve dizayn<\/p>\n<\/div><\/div>\n\n\n\n<div class=\"wp-block-media-text alignwide is-stacked-on-mobile\"><figure class=\"wp-block-media-text__media\"><img decoding=\"async\" loading=\"lazy\" width=\"1024\" height=\"696\" src=\"https:\/\/hipermech.com\/wp-content\/uploads\/2021\/06\/csm_hero_pcb-automation_dd132aa078-1024x696.jpg\" alt=\"\" class=\"wp-image-186 size-full\" srcset=\"https:\/\/hipermech.com\/wp-content\/uploads\/2021\/06\/csm_hero_pcb-automation_dd132aa078-1024x696.jpg 1024w, https:\/\/hipermech.com\/wp-content\/uploads\/2021\/06\/csm_hero_pcb-automation_dd132aa078-300x204.jpg 300w, https:\/\/hipermech.com\/wp-content\/uploads\/2021\/06\/csm_hero_pcb-automation_dd132aa078-768x522.jpg 768w, https:\/\/hipermech.com\/wp-content\/uploads\/2021\/06\/csm_hero_pcb-automation_dd132aa078.jpg 1200w\" sizes=\"(max-width: 1024px) 100vw, 1024px\" \/><\/figure><div class=\"wp-block-media-text__content\">\n<p class=\"has-white-color has-luminous-vivid-amber-background-color has-text-color has-background has-medium-font-size\">Pcb Elektronik Kart Tasar\u0131m ve dizayn<\/p>\n<\/div><\/div>\n\n\n\n<p><\/p>\n\n\n\n<div class=\"wp-block-media-text alignwide is-stacked-on-mobile\"><figure class=\"wp-block-media-text__media\"><img decoding=\"async\" loading=\"lazy\" width=\"1024\" height=\"512\" src=\"http:\/\/hipermech.com\/wp-content\/uploads\/2021\/06\/bloggif_60c2e04e8f36c-1024x512.jpeg\" alt=\"\" class=\"wp-image-167 size-full\" srcset=\"https:\/\/hipermech.com\/wp-content\/uploads\/2021\/06\/bloggif_60c2e04e8f36c-1024x512.jpeg 1024w, https:\/\/hipermech.com\/wp-content\/uploads\/2021\/06\/bloggif_60c2e04e8f36c-300x150.jpeg 300w, https:\/\/hipermech.com\/wp-content\/uploads\/2021\/06\/bloggif_60c2e04e8f36c-768x384.jpeg 768w, https:\/\/hipermech.com\/wp-content\/uploads\/2021\/06\/bloggif_60c2e04e8f36c.jpeg 1200w\" sizes=\"(max-width: 1024px) 100vw, 1024px\" \/><\/figure><div class=\"wp-block-media-text__content\">\n<p class=\"has-white-color has-luminous-vivid-amber-background-color has-text-color has-background has-medium-font-size\">Elektrik dizayn ve Projelendirme <\/p>\n<\/div><\/div>\n\n\n\n<p><\/p>\n\n\n\n<div class=\"wp-block-media-text alignwide is-stacked-on-mobile\"><figure class=\"wp-block-media-text__media\"><img decoding=\"async\" loading=\"lazy\" width=\"1024\" height=\"512\" src=\"http:\/\/hipermech.com\/wp-content\/uploads\/2021\/06\/bloggif_60c2e0456cf24-1024x512.jpeg\" alt=\"\" class=\"wp-image-168 size-full\" srcset=\"https:\/\/hipermech.com\/wp-content\/uploads\/2021\/06\/bloggif_60c2e0456cf24-1024x512.jpeg 1024w, https:\/\/hipermech.com\/wp-content\/uploads\/2021\/06\/bloggif_60c2e0456cf24-300x150.jpeg 300w, https:\/\/hipermech.com\/wp-content\/uploads\/2021\/06\/bloggif_60c2e0456cf24-768x384.jpeg 768w, https:\/\/hipermech.com\/wp-content\/uploads\/2021\/06\/bloggif_60c2e0456cf24.jpeg 1200w\" sizes=\"(max-width: 1024px) 100vw, 1024px\" \/><\/figure><div class=\"wp-block-media-text__content\">\n<p class=\"has-white-color has-luminous-vivid-amber-background-color has-text-color has-background has-medium-font-size\">Saha Montaj ve Devreye Alma<\/p>\n<\/div><\/div>\n\n\n\n<div class=\"wp-block-media-text alignwide is-stacked-on-mobile\"><figure class=\"wp-block-media-text__media\"><img decoding=\"async\" loading=\"lazy\" width=\"1024\" height=\"512\" src=\"http:\/\/hipermech.com\/wp-content\/uploads\/2021\/06\/bloggif_60c5d08647335-1024x512.jpeg\" alt=\"\" class=\"wp-image-247 size-full\" srcset=\"https:\/\/hipermech.com\/wp-content\/uploads\/2021\/06\/bloggif_60c5d08647335-1024x512.jpeg 1024w, https:\/\/hipermech.com\/wp-content\/uploads\/2021\/06\/bloggif_60c5d08647335-300x150.jpeg 300w, https:\/\/hipermech.com\/wp-content\/uploads\/2021\/06\/bloggif_60c5d08647335-768x384.jpeg 768w, https:\/\/hipermech.com\/wp-content\/uploads\/2021\/06\/bloggif_60c5d08647335.jpeg 1200w\" sizes=\"(max-width: 1024px) 100vw, 1024px\" \/><\/figure><div class=\"wp-block-media-text__content\">\n<p class=\"has-white-color has-luminous-vivid-amber-background-color has-text-color has-background has-medium-font-size\">E\u011fitim &amp; Dan\u0131\u015fmanl\u0131k<\/p>\n<\/div><\/div>\n\n\n\n<p><\/p>\n\n\n\n<p><\/p>\n","protected":false},"excerpt":{"rendered":"<p>\u015eirketimiz yaz\u0131l\u0131m ve donan\u0131m ad\u0131na hayal edebilece\u011finiz her\u015feyi yapabilecek bir yap\u0131 ve kadroya sahip,Bizi di\u011ferlerinden ay\u0131ran en \u00f6nemli \u00f6zelli\u011fimiz ise \u00f6zg\u00fcn ve yarat\u0131c\u0131 projelerimiz. Size \u00f6zel makina tasar\u0131m\u0131 ve makinalar\u0131n\u0131z\u0131n revizyonu Robot ve Otomasyon Kontrol ve Revizyon Plc,Hmi,Servo programlanmas\u0131 ve devreye al\u0131nmas\u0131 End\u00fcstri 4.0 Scada ve veri izleme sistemleri Bir\u00e7ok markan\u0131n \u00fcr\u00fcnlerinin sat\u0131\u015f\u0131 ve deste\u011finin [&hellip;]<\/p>\n","protected":false},"author":1,"featured_media":0,"parent":0,"menu_order":0,"comment_status":"closed","ping_status":"closed","template":"","meta":[],"yoast_head":"<!-- This site is optimized with the Yoast SEO plugin v16.4 - https:\/\/yoast.com\/wordpress\/plugins\/seo\/ -->\n<title>Hizmetlerimiz - Hipermech<\/title>\n<meta name=\"robots\" content=\"index, follow, max-snippet:-1, max-image-preview:large, max-video-preview:-1\" \/>\n<link rel=\"canonical\" href=\"https:\/\/hipermech.com\/?page_id=109\" \/>\n<meta property=\"og:locale\" content=\"tr_TR\" \/>\n<meta property=\"og:type\" content=\"article\" \/>\n<meta property=\"og:title\" content=\"Hizmetlerimiz - Hipermech\" \/>\n<meta property=\"og:description\" content=\"\u015eirketimiz yaz\u0131l\u0131m ve donan\u0131m ad\u0131na hayal edebilece\u011finiz her\u015feyi yapabilecek bir yap\u0131 ve kadroya sahip,Bizi di\u011ferlerinden ay\u0131ran en \u00f6nemli \u00f6zelli\u011fimiz ise \u00f6zg\u00fcn ve yarat\u0131c\u0131 projelerimiz. Size \u00f6zel makina tasar\u0131m\u0131 ve makinalar\u0131n\u0131z\u0131n revizyonu Robot ve Otomasyon Kontrol ve Revizyon Plc,Hmi,Servo programlanmas\u0131 ve devreye al\u0131nmas\u0131 End\u00fcstri 4.0 Scada ve veri izleme sistemleri Bir\u00e7ok markan\u0131n \u00fcr\u00fcnlerinin sat\u0131\u015f\u0131 ve deste\u011finin [&hellip;]\" \/>\n<meta property=\"og:url\" content=\"https:\/\/hipermech.com\/?page_id=109\" \/>\n<meta property=\"og:site_name\" content=\"Hipermech\" \/>\n<meta property=\"article:publisher\" content=\"https:\/\/www.facebook.com\/Hipermech-M%c3%bchendislik-104310575216484\" \/>\n<meta property=\"article:modified_time\" content=\"2021-06-13T09:32:02+00:00\" \/>\n<meta property=\"og:image\" content=\"http:\/\/hipermech.com\/wp-content\/uploads\/2021\/06\/bloggif_60c2e039ca9df-1024x512.jpeg\" \/>\n<meta name=\"twitter:card\" content=\"summary_large_image\" \/>\n<meta name=\"twitter:site\" content=\"@HipermechM\" \/>\n<meta name=\"twitter:label1\" content=\"Tahmini okuma s\u00fcresi\" \/>\n\t<meta name=\"twitter:data1\" content=\"1 dakika\" \/>\n<script type=\"application\/ld+json\" class=\"yoast-schema-graph\">{\"@context\":\"https:\/\/schema.org\",\"@graph\":[{\"@type\":\"Organization\",\"@id\":\"https:\/\/hipermech.com\/#organization\",\"name\":\"hipermech\",\"url\":\"https:\/\/hipermech.com\/\",\"sameAs\":[\"https:\/\/www.facebook.com\/Hipermech-M\\u00fchendislik-104310575216484\",\"https:\/\/www.instagram.com\/hipermech_\/\",\"https:\/\/twitter.com\/HipermechM\"],\"logo\":{\"@type\":\"ImageObject\",\"@id\":\"https:\/\/hipermech.com\/#logo\",\"inLanguage\":\"tr\",\"url\":\"https:\/\/hipermech.com\/wp-content\/uploads\/2021\/06\/cropped-imzaaa-1.png\",\"contentUrl\":\"https:\/\/hipermech.com\/wp-content\/uploads\/2021\/06\/cropped-imzaaa-1.png\",\"width\":512,\"height\":512,\"caption\":\"hipermech\"},\"image\":{\"@id\":\"https:\/\/hipermech.com\/#logo\"}},{\"@type\":\"WebSite\",\"@id\":\"https:\/\/hipermech.com\/#website\",\"url\":\"https:\/\/hipermech.com\/\",\"name\":\"Hipermech\",\"description\":\"      HER ZAMAN EN \\u0130Y\\u0130S\\u0130\",\"publisher\":{\"@id\":\"https:\/\/hipermech.com\/#organization\"},\"potentialAction\":[{\"@type\":\"SearchAction\",\"target\":\"https:\/\/hipermech.com\/?s={search_term_string}\",\"query-input\":\"required name=search_term_string\"}],\"inLanguage\":\"tr\"},{\"@type\":\"ImageObject\",\"@id\":\"https:\/\/hipermech.com\/?page_id=109#primaryimage\",\"inLanguage\":\"tr\",\"url\":\"http:\/\/hipermech.com\/wp-content\/uploads\/2021\/06\/bloggif_60c2e039ca9df-1024x512.jpeg\",\"contentUrl\":\"http:\/\/hipermech.com\/wp-content\/uploads\/2021\/06\/bloggif_60c2e039ca9df-1024x512.jpeg\"},{\"@type\":\"WebPage\",\"@id\":\"https:\/\/hipermech.com\/?page_id=109#webpage\",\"url\":\"https:\/\/hipermech.com\/?page_id=109\",\"name\":\"Hizmetlerimiz - Hipermech\",\"isPartOf\":{\"@id\":\"https:\/\/hipermech.com\/#website\"},\"primaryImageOfPage\":{\"@id\":\"https:\/\/hipermech.com\/?page_id=109#primaryimage\"},\"datePublished\":\"2021-06-09T08:26:34+00:00\",\"dateModified\":\"2021-06-13T09:32:02+00:00\",\"breadcrumb\":{\"@id\":\"https:\/\/hipermech.com\/?page_id=109#breadcrumb\"},\"inLanguage\":\"tr\",\"potentialAction\":[{\"@type\":\"ReadAction\",\"target\":[\"https:\/\/hipermech.com\/?page_id=109\"]}]},{\"@type\":\"BreadcrumbList\",\"@id\":\"https:\/\/hipermech.com\/?page_id=109#breadcrumb\",\"itemListElement\":[{\"@type\":\"ListItem\",\"position\":1,\"item\":{\"@type\":\"WebPage\",\"@id\":\"https:\/\/hipermech.com\/\",\"url\":\"https:\/\/hipermech.com\/\",\"name\":\"Anasayfa\"}},{\"@type\":\"ListItem\",\"position\":2,\"item\":{\"@id\":\"https:\/\/hipermech.com\/?page_id=109#webpage\"}}]}]}<\/script>\n<!-- \/ Yoast SEO plugin. -->","_links":{"self":[{"href":"https:\/\/hipermech.com\/index.php?rest_route=\/wp\/v2\/pages\/109"}],"collection":[{"href":"https:\/\/hipermech.com\/index.php?rest_route=\/wp\/v2\/pages"}],"about":[{"href":"https:\/\/hipermech.com\/index.php?rest_route=\/wp\/v2\/types\/page"}],"author":[{"embeddable":true,"href":"https:\/\/hipermech.com\/index.php?rest_route=\/wp\/v2\/users\/1"}],"replies":[{"embeddable":true,"href":"https:\/\/hipermech.com\/index.php?rest_route=%2Fwp%2Fv2%2Fcomments&post=109"}],"version-history":[{"count":25,"href":"https:\/\/hipermech.com\/index.php?rest_route=\/wp\/v2\/pages\/109\/revisions"}],"predecessor-version":[{"id":248,"href":"https:\/\/hipermech.com\/index.php?rest_route=\/wp\/v2\/pages\/109\/revisions\/248"}],"wp:attachment":[{"href":"https:\/\/hipermech.com\/index.php?rest_route=%2Fwp%2Fv2%2Fmedia&parent=109"}],"curies":[{"name":"wp","href":"https:\/\/api.w.org\/{rel}","templated":true}]}}