{"id":97,"date":"2021-06-09T08:19:09","date_gmt":"2021-06-09T08:19:09","guid":{"rendered":"https:\/\/hipermech.com\/?page_id=97"},"modified":"2021-06-12T21:20:29","modified_gmt":"2021-06-12T21:20:29","slug":"referanslarimiz","status":"publish","type":"page","link":"https:\/\/hipermech.com\/?page_id=97","title":{"rendered":"Referanslar\u0131m\u0131z"},"content":{"rendered":"\n<p class=\"has-medium-font-size\">A\u015fa\u011f\u0131daki firmalar referanslar\u0131m\u0131zdan baz\u0131lar\u0131na \u00f6rnektir.<\/p>\n\n\n\n<div class=\"is-layout-flow wp-block-group\"><div class=\"wp-block-group__inner-container\">\n<div class=\"is-layout-flex wp-container-4 wp-block-columns\">\n<div class=\"is-layout-flow wp-block-column\" style=\"flex-basis:100%\">\n<figure class=\"is-layout-flex wp-block-gallery-1 wp-block-gallery columns-3 is-cropped\"><ul class=\"blocks-gallery-grid\"><li class=\"blocks-gallery-item\"><figure><img decoding=\"async\" loading=\"lazy\" width=\"600\" height=\"400\" src=\"http:\/\/hipermech.com\/wp-content\/uploads\/2021\/06\/bloggif_60c5211d57003.jpeg\" alt=\"\" data-id=\"217\" data-link=\"https:\/\/hipermech.com\/?attachment_id=217\" class=\"wp-image-217\" srcset=\"https:\/\/hipermech.com\/wp-content\/uploads\/2021\/06\/bloggif_60c5211d57003.jpeg 600w, https:\/\/hipermech.com\/wp-content\/uploads\/2021\/06\/bloggif_60c5211d57003-300x200.jpeg 300w\" sizes=\"(max-width: 600px) 100vw, 600px\" \/><\/figure><\/li><li class=\"blocks-gallery-item\"><figure><img decoding=\"async\" loading=\"lazy\" width=\"600\" height=\"400\" src=\"https:\/\/hipermech.com\/wp-content\/uploads\/2021\/06\/bloggif_60c521bbc9b4a.jpeg\" alt=\"\" data-id=\"219\" data-link=\"https:\/\/hipermech.com\/?attachment_id=219\" class=\"wp-image-219\" srcset=\"https:\/\/hipermech.com\/wp-content\/uploads\/2021\/06\/bloggif_60c521bbc9b4a.jpeg 600w, https:\/\/hipermech.com\/wp-content\/uploads\/2021\/06\/bloggif_60c521bbc9b4a-300x200.jpeg 300w\" sizes=\"(max-width: 600px) 100vw, 600px\" \/><\/figure><\/li><li class=\"blocks-gallery-item\"><figure><img decoding=\"async\" loading=\"lazy\" width=\"600\" height=\"400\" src=\"https:\/\/hipermech.com\/wp-content\/uploads\/2021\/06\/bloggif_60c521fa75a67.jpeg\" alt=\"\" data-id=\"221\" data-link=\"https:\/\/hipermech.com\/?attachment_id=221\" class=\"wp-image-221\" srcset=\"https:\/\/hipermech.com\/wp-content\/uploads\/2021\/06\/bloggif_60c521fa75a67.jpeg 600w, https:\/\/hipermech.com\/wp-content\/uploads\/2021\/06\/bloggif_60c521fa75a67-300x200.jpeg 300w\" sizes=\"(max-width: 600px) 100vw, 600px\" \/><\/figure><\/li><li class=\"blocks-gallery-item\"><figure><img decoding=\"async\" loading=\"lazy\" width=\"600\" height=\"400\" src=\"https:\/\/hipermech.com\/wp-content\/uploads\/2021\/06\/bloggif_60c5222252279.jpeg\" alt=\"\" data-id=\"222\" data-link=\"https:\/\/hipermech.com\/?attachment_id=222\" class=\"wp-image-222\" srcset=\"https:\/\/hipermech.com\/wp-content\/uploads\/2021\/06\/bloggif_60c5222252279.jpeg 600w, https:\/\/hipermech.com\/wp-content\/uploads\/2021\/06\/bloggif_60c5222252279-300x200.jpeg 300w\" sizes=\"(max-width: 600px) 100vw, 600px\" \/><\/figure><\/li><li class=\"blocks-gallery-item\"><figure><img decoding=\"async\" loading=\"lazy\" width=\"600\" height=\"400\" src=\"https:\/\/hipermech.com\/wp-content\/uploads\/2021\/06\/bloggif_60c52254eb13c.jpeg\" alt=\"\" data-id=\"223\" data-link=\"https:\/\/hipermech.com\/?attachment_id=223\" class=\"wp-image-223\" srcset=\"https:\/\/hipermech.com\/wp-content\/uploads\/2021\/06\/bloggif_60c52254eb13c.jpeg 600w, https:\/\/hipermech.com\/wp-content\/uploads\/2021\/06\/bloggif_60c52254eb13c-300x200.jpeg 300w\" sizes=\"(max-width: 600px) 100vw, 600px\" \/><\/figure><\/li><li class=\"blocks-gallery-item\"><figure><img decoding=\"async\" loading=\"lazy\" width=\"600\" height=\"400\" src=\"https:\/\/hipermech.com\/wp-content\/uploads\/2021\/06\/bloggif_60c522a4286f6.jpeg\" alt=\"\" data-id=\"224\" data-link=\"https:\/\/hipermech.com\/?attachment_id=224\" class=\"wp-image-224\" srcset=\"https:\/\/hipermech.com\/wp-content\/uploads\/2021\/06\/bloggif_60c522a4286f6.jpeg 600w, https:\/\/hipermech.com\/wp-content\/uploads\/2021\/06\/bloggif_60c522a4286f6-300x200.jpeg 300w\" sizes=\"(max-width: 600px) 100vw, 600px\" \/><\/figure><\/li><li class=\"blocks-gallery-item\"><figure><img decoding=\"async\" loading=\"lazy\" width=\"600\" height=\"400\" src=\"https:\/\/hipermech.com\/wp-content\/uploads\/2021\/06\/bloggif_60c52363e5002.jpeg\" alt=\"\" data-id=\"226\" data-link=\"https:\/\/hipermech.com\/?attachment_id=226\" class=\"wp-image-226\" srcset=\"https:\/\/hipermech.com\/wp-content\/uploads\/2021\/06\/bloggif_60c52363e5002.jpeg 600w, https:\/\/hipermech.com\/wp-content\/uploads\/2021\/06\/bloggif_60c52363e5002-300x200.jpeg 300w\" sizes=\"(max-width: 600px) 100vw, 600px\" \/><\/figure><\/li><li class=\"blocks-gallery-item\"><figure><img decoding=\"async\" loading=\"lazy\" width=\"600\" height=\"400\" src=\"https:\/\/hipermech.com\/wp-content\/uploads\/2021\/06\/bloggif_60c5239f10480.jpeg\" alt=\"\" data-id=\"227\" data-link=\"https:\/\/hipermech.com\/?attachment_id=227\" class=\"wp-image-227\" srcset=\"https:\/\/hipermech.com\/wp-content\/uploads\/2021\/06\/bloggif_60c5239f10480.jpeg 600w, https:\/\/hipermech.com\/wp-content\/uploads\/2021\/06\/bloggif_60c5239f10480-300x200.jpeg 300w\" sizes=\"(max-width: 600px) 100vw, 600px\" \/><\/figure><\/li><li class=\"blocks-gallery-item\"><figure><img decoding=\"async\" loading=\"lazy\" width=\"600\" height=\"400\" src=\"https:\/\/hipermech.com\/wp-content\/uploads\/2021\/06\/bloggif_60c523dd67b97.jpeg\" alt=\"\" data-id=\"228\" data-link=\"https:\/\/hipermech.com\/?attachment_id=228\" class=\"wp-image-228\" srcset=\"https:\/\/hipermech.com\/wp-content\/uploads\/2021\/06\/bloggif_60c523dd67b97.jpeg 600w, https:\/\/hipermech.com\/wp-content\/uploads\/2021\/06\/bloggif_60c523dd67b97-300x200.jpeg 300w\" sizes=\"(max-width: 600px) 100vw, 600px\" \/><\/figure><\/li><li class=\"blocks-gallery-item\"><figure><img decoding=\"async\" loading=\"lazy\" width=\"600\" height=\"400\" src=\"https:\/\/hipermech.com\/wp-content\/uploads\/2021\/06\/bloggif_60c524057e0a8.png\" alt=\"\" data-id=\"229\" data-link=\"https:\/\/hipermech.com\/?attachment_id=229\" class=\"wp-image-229\" srcset=\"https:\/\/hipermech.com\/wp-content\/uploads\/2021\/06\/bloggif_60c524057e0a8.png 600w, https:\/\/hipermech.com\/wp-content\/uploads\/2021\/06\/bloggif_60c524057e0a8-300x200.png 300w\" sizes=\"(max-width: 600px) 100vw, 600px\" \/><\/figure><\/li><li class=\"blocks-gallery-item\"><figure><img decoding=\"async\" loading=\"lazy\" width=\"600\" height=\"400\" src=\"https:\/\/hipermech.com\/wp-content\/uploads\/2021\/06\/bloggif_60c524cd91ba3.jpeg\" alt=\"\" data-id=\"230\" data-full-url=\"https:\/\/hipermech.com\/wp-content\/uploads\/2021\/06\/bloggif_60c524cd91ba3.jpeg\" data-link=\"https:\/\/hipermech.com\/?attachment_id=230\" class=\"wp-image-230\" srcset=\"https:\/\/hipermech.com\/wp-content\/uploads\/2021\/06\/bloggif_60c524cd91ba3.jpeg 600w, https:\/\/hipermech.com\/wp-content\/uploads\/2021\/06\/bloggif_60c524cd91ba3-300x200.jpeg 300w\" sizes=\"(max-width: 600px) 100vw, 600px\" \/><\/figure><\/li><li class=\"blocks-gallery-item\"><figure><img decoding=\"async\" loading=\"lazy\" width=\"600\" height=\"400\" src=\"https:\/\/hipermech.com\/wp-content\/uploads\/2021\/06\/bloggif_60c524c3808a1.jpeg\" alt=\"\" data-id=\"231\" data-full-url=\"https:\/\/hipermech.com\/wp-content\/uploads\/2021\/06\/bloggif_60c524c3808a1.jpeg\" data-link=\"https:\/\/hipermech.com\/?attachment_id=231\" class=\"wp-image-231\" srcset=\"https:\/\/hipermech.com\/wp-content\/uploads\/2021\/06\/bloggif_60c524c3808a1.jpeg 600w, https:\/\/hipermech.com\/wp-content\/uploads\/2021\/06\/bloggif_60c524c3808a1-300x200.jpeg 300w\" sizes=\"(max-width: 600px) 100vw, 600px\" \/><\/figure><\/li><li class=\"blocks-gallery-item\"><figure><img decoding=\"async\" loading=\"lazy\" width=\"600\" height=\"400\" src=\"https:\/\/hipermech.com\/wp-content\/uploads\/2021\/06\/bloggif_60c524bc2a6e5.jpeg\" alt=\"\" data-id=\"232\" data-full-url=\"https:\/\/hipermech.com\/wp-content\/uploads\/2021\/06\/bloggif_60c524bc2a6e5.jpeg\" data-link=\"https:\/\/hipermech.com\/?attachment_id=232\" class=\"wp-image-232\" srcset=\"https:\/\/hipermech.com\/wp-content\/uploads\/2021\/06\/bloggif_60c524bc2a6e5.jpeg 600w, https:\/\/hipermech.com\/wp-content\/uploads\/2021\/06\/bloggif_60c524bc2a6e5-300x200.jpeg 300w\" sizes=\"(max-width: 600px) 100vw, 600px\" \/><\/figure><\/li><li class=\"blocks-gallery-item\"><figure><img decoding=\"async\" loading=\"lazy\" width=\"600\" height=\"400\" src=\"https:\/\/hipermech.com\/wp-content\/uploads\/2021\/06\/bloggif_60c524b30ec67.jpeg\" alt=\"\" data-id=\"233\" data-full-url=\"https:\/\/hipermech.com\/wp-content\/uploads\/2021\/06\/bloggif_60c524b30ec67.jpeg\" data-link=\"https:\/\/hipermech.com\/?attachment_id=233\" class=\"wp-image-233\" srcset=\"https:\/\/hipermech.com\/wp-content\/uploads\/2021\/06\/bloggif_60c524b30ec67.jpeg 600w, https:\/\/hipermech.com\/wp-content\/uploads\/2021\/06\/bloggif_60c524b30ec67-300x200.jpeg 300w\" sizes=\"(max-width: 600px) 100vw, 600px\" \/><\/figure><\/li><li class=\"blocks-gallery-item\"><figure><img decoding=\"async\" loading=\"lazy\" width=\"600\" height=\"400\" src=\"https:\/\/hipermech.com\/wp-content\/uploads\/2021\/06\/bloggif_60c524ab6e655.jpeg\" alt=\"\" data-id=\"234\" data-full-url=\"https:\/\/hipermech.com\/wp-content\/uploads\/2021\/06\/bloggif_60c524ab6e655.jpeg\" data-link=\"https:\/\/hipermech.com\/?attachment_id=234\" class=\"wp-image-234\" srcset=\"https:\/\/hipermech.com\/wp-content\/uploads\/2021\/06\/bloggif_60c524ab6e655.jpeg 600w, https:\/\/hipermech.com\/wp-content\/uploads\/2021\/06\/bloggif_60c524ab6e655-300x200.jpeg 300w\" sizes=\"(max-width: 600px) 100vw, 600px\" \/><\/figure><\/li><\/ul><\/figure>\n<\/div>\n<\/div>\n<\/div><\/div>\n\n\n\n<p><\/p>\n","protected":false},"excerpt":{"rendered":"<p>A\u015fa\u011f\u0131daki firmalar referanslar\u0131m\u0131zdan baz\u0131lar\u0131na \u00f6rnektir.<\/p>\n","protected":false},"author":1,"featured_media":0,"parent":0,"menu_order":0,"comment_status":"closed","ping_status":"closed","template":"","meta":[],"yoast_head":"<!-- This site is optimized with the Yoast SEO plugin v16.4 - https:\/\/yoast.com\/wordpress\/plugins\/seo\/ -->\n<title>Referanslar\u0131m\u0131z - Hipermech<\/title>\n<meta name=\"robots\" content=\"index, follow, max-snippet:-1, max-image-preview:large, max-video-preview:-1\" \/>\n<link rel=\"canonical\" href=\"https:\/\/hipermech.com\/?page_id=97\" \/>\n<meta property=\"og:locale\" content=\"tr_TR\" \/>\n<meta property=\"og:type\" content=\"article\" \/>\n<meta property=\"og:title\" content=\"Referanslar\u0131m\u0131z - Hipermech\" \/>\n<meta property=\"og:description\" content=\"A\u015fa\u011f\u0131daki firmalar referanslar\u0131m\u0131zdan baz\u0131lar\u0131na \u00f6rnektir.\" \/>\n<meta property=\"og:url\" content=\"https:\/\/hipermech.com\/?page_id=97\" \/>\n<meta property=\"og:site_name\" content=\"Hipermech\" \/>\n<meta property=\"article:publisher\" content=\"https:\/\/www.facebook.com\/Hipermech-M%c3%bchendislik-104310575216484\" \/>\n<meta property=\"article:modified_time\" content=\"2021-06-12T21:20:29+00:00\" \/>\n<meta property=\"og:image\" content=\"http:\/\/hipermech.com\/wp-content\/uploads\/2021\/06\/bloggif_60c5211d57003.jpeg\" \/>\n<meta name=\"twitter:card\" content=\"summary_large_image\" \/>\n<meta name=\"twitter:site\" content=\"@HipermechM\" \/>\n<script type=\"application\/ld+json\" class=\"yoast-schema-graph\">{\"@context\":\"https:\/\/schema.org\",\"@graph\":[{\"@type\":\"Organization\",\"@id\":\"https:\/\/hipermech.com\/#organization\",\"name\":\"hipermech\",\"url\":\"https:\/\/hipermech.com\/\",\"sameAs\":[\"https:\/\/www.facebook.com\/Hipermech-M\\u00fchendislik-104310575216484\",\"https:\/\/www.instagram.com\/hipermech_\/\",\"https:\/\/twitter.com\/HipermechM\"],\"logo\":{\"@type\":\"ImageObject\",\"@id\":\"https:\/\/hipermech.com\/#logo\",\"inLanguage\":\"tr\",\"url\":\"https:\/\/hipermech.com\/wp-content\/uploads\/2021\/06\/cropped-imzaaa-1.png\",\"contentUrl\":\"https:\/\/hipermech.com\/wp-content\/uploads\/2021\/06\/cropped-imzaaa-1.png\",\"width\":512,\"height\":512,\"caption\":\"hipermech\"},\"image\":{\"@id\":\"https:\/\/hipermech.com\/#logo\"}},{\"@type\":\"WebSite\",\"@id\":\"https:\/\/hipermech.com\/#website\",\"url\":\"https:\/\/hipermech.com\/\",\"name\":\"Hipermech\",\"description\":\"      HER ZAMAN EN \\u0130Y\\u0130S\\u0130\",\"publisher\":{\"@id\":\"https:\/\/hipermech.com\/#organization\"},\"potentialAction\":[{\"@type\":\"SearchAction\",\"target\":\"https:\/\/hipermech.com\/?s={search_term_string}\",\"query-input\":\"required name=search_term_string\"}],\"inLanguage\":\"tr\"},{\"@type\":\"ImageObject\",\"@id\":\"https:\/\/hipermech.com\/?page_id=97#primaryimage\",\"inLanguage\":\"tr\",\"url\":\"http:\/\/hipermech.com\/wp-content\/uploads\/2021\/06\/bloggif_60c5211d57003.jpeg\",\"contentUrl\":\"http:\/\/hipermech.com\/wp-content\/uploads\/2021\/06\/bloggif_60c5211d57003.jpeg\"},{\"@type\":\"WebPage\",\"@id\":\"https:\/\/hipermech.com\/?page_id=97#webpage\",\"url\":\"https:\/\/hipermech.com\/?page_id=97\",\"name\":\"Referanslar\\u0131m\\u0131z - Hipermech\",\"isPartOf\":{\"@id\":\"https:\/\/hipermech.com\/#website\"},\"primaryImageOfPage\":{\"@id\":\"https:\/\/hipermech.com\/?page_id=97#primaryimage\"},\"datePublished\":\"2021-06-09T08:19:09+00:00\",\"dateModified\":\"2021-06-12T21:20:29+00:00\",\"breadcrumb\":{\"@id\":\"https:\/\/hipermech.com\/?page_id=97#breadcrumb\"},\"inLanguage\":\"tr\",\"potentialAction\":[{\"@type\":\"ReadAction\",\"target\":[\"https:\/\/hipermech.com\/?page_id=97\"]}]},{\"@type\":\"BreadcrumbList\",\"@id\":\"https:\/\/hipermech.com\/?page_id=97#breadcrumb\",\"itemListElement\":[{\"@type\":\"ListItem\",\"position\":1,\"item\":{\"@type\":\"WebPage\",\"@id\":\"https:\/\/hipermech.com\/\",\"url\":\"https:\/\/hipermech.com\/\",\"name\":\"Anasayfa\"}},{\"@type\":\"ListItem\",\"position\":2,\"item\":{\"@id\":\"https:\/\/hipermech.com\/?page_id=97#webpage\"}}]}]}<\/script>\n<!-- \/ Yoast SEO plugin. -->","_links":{"self":[{"href":"https:\/\/hipermech.com\/index.php?rest_route=\/wp\/v2\/pages\/97"}],"collection":[{"href":"https:\/\/hipermech.com\/index.php?rest_route=\/wp\/v2\/pages"}],"about":[{"href":"https:\/\/hipermech.com\/index.php?rest_route=\/wp\/v2\/types\/page"}],"author":[{"embeddable":true,"href":"https:\/\/hipermech.com\/index.php?rest_route=\/wp\/v2\/users\/1"}],"replies":[{"embeddable":true,"href":"https:\/\/hipermech.com\/index.php?rest_route=%2Fwp%2Fv2%2Fcomments&post=97"}],"version-history":[{"count":6,"href":"https:\/\/hipermech.com\/index.php?rest_route=\/wp\/v2\/pages\/97\/revisions"}],"predecessor-version":[{"id":235,"href":"https:\/\/hipermech.com\/index.php?rest_route=\/wp\/v2\/pages\/97\/revisions\/235"}],"wp:attachment":[{"href":"https:\/\/hipermech.com\/index.php?rest_route=%2Fwp%2Fv2%2Fmedia&parent=97"}],"curies":[{"name":"wp","href":"https:\/\/api.w.org\/{rel}","templated":true}]}}